{"id":717,"date":"2023-11-01T21:56:50","date_gmt":"2023-11-01T21:56:50","guid":{"rendered":"http:\/\/burkina.africaiforum.com\/?page_id=717"},"modified":"2023-11-02T15:50:46","modified_gmt":"2023-11-02T15:50:46","slug":"pourquoi-sponsoriser","status":"publish","type":"page","link":"https:\/\/burkina.africaiforum.com\/en\/pourquoi-sponsoriser\/","title":{"rendered":"Why sponsor?"},"content":{"rendered":"<div data-elementor-type=\"wp-page\" data-elementor-id=\"717\" class=\"elementor elementor-717\" data-elementor-post-type=\"page\">\n\t\t\t\t\t\t<section data-particle_enable=\"false\" data-particle-mobile-disabled=\"false\" class=\"elementor-section elementor-top-section elementor-element elementor-element-4ecdd3f elementor-section-boxed elementor-section-height-default elementor-section-height-default\" data-id=\"4ecdd3f\" data-element_type=\"section\" data-e-type=\"section\" data-settings=\"{&quot;background_background&quot;:&quot;classic&quot;}\">\n\t\t\t\t\t\t<div class=\"elementor-container elementor-column-gap-default\">\n\t\t\t\t\t<div class=\"elementor-column elementor-col-50 elementor-top-column elementor-element elementor-element-a686104\" data-id=\"a686104\" data-element_type=\"column\" data-e-type=\"column\">\n\t\t\t<div class=\"elementor-widget-wrap elementor-element-populated\">\n\t\t\t\t\t\t<div class=\"elementor-element elementor-element-4862306 elementor-widget elementor-widget-heading\" data-id=\"4862306\" data-element_type=\"widget\" data-e-type=\"widget\" data-widget_type=\"heading.default\">\n\t\t\t\t<div class=\"elementor-widget-container\">\n\t\t\t\t\t<h2 class=\"elementor-heading-title elementor-size-default\">Why sponsor?<\/h2>\t\t\t\t<\/div>\n\t\t\t\t<\/div>\n\t\t\t\t\t<\/div>\n\t\t<\/div>\n\t\t\t\t<div class=\"elementor-column elementor-col-50 elementor-top-column elementor-element elementor-element-535ec98 elementor-hidden-mobile\" data-id=\"535ec98\" data-element_type=\"column\" data-e-type=\"column\">\n\t\t\t<div class=\"elementor-widget-wrap\">\n\t\t\t\t\t\t\t<\/div>\n\t\t<\/div>\n\t\t\t\t\t<\/div>\n\t\t<\/section>\n\t\t\t\t<section data-particle_enable=\"false\" data-particle-mobile-disabled=\"false\" class=\"elementor-section elementor-top-section elementor-element elementor-element-1231c57 elementor-section-boxed elementor-section-height-default elementor-section-height-default\" data-id=\"1231c57\" data-element_type=\"section\" data-e-type=\"section\">\n\t\t\t\t\t\t<div class=\"elementor-container elementor-column-gap-default\">\n\t\t\t\t\t<div class=\"elementor-column elementor-col-50 elementor-top-column elementor-element elementor-element-53b9475\" data-id=\"53b9475\" data-element_type=\"column\" data-e-type=\"column\">\n\t\t\t<div class=\"elementor-widget-wrap elementor-element-populated\">\n\t\t\t\t\t\t<div class=\"elementor-element elementor-element-33abf19 elementor-widget elementor-widget-heading\" data-id=\"33abf19\" data-element_type=\"widget\" data-e-type=\"widget\" data-widget_type=\"heading.default\">\n\t\t\t\t<div class=\"elementor-widget-container\">\n\t\t\t\t\t<h2 class=\"elementor-heading-title elementor-size-default\">Why sponsor?<\/h2>\t\t\t\t<\/div>\n\t\t\t\t<\/div>\n\t\t\t\t<div class=\"elementor-element elementor-element-1982720 elementor-widget elementor-widget-text-editor\" data-id=\"1982720\" data-element_type=\"widget\" data-e-type=\"widget\" data-widget_type=\"text-editor.default\">\n\t\t\t\t<div class=\"elementor-widget-container\">\n\t\t\t\t\t\t\t\t\t<p>Sponsorship of the Africa Infrastructure Forum offers a number of advantages to companies. It enables them to :<\/p><p><strong>Increased visibility<\/strong> : As a sponsor, your company benefits from increased visibility before, during and after the event, raising your brand's profile with a targeted audience.<\/p><p><strong>Preferred positioning<\/strong> : Sponsorship allows you to position yourself as a leader and expert in the African infrastructure sector, strengthening your credibility and influence.<\/p><p><strong>Networking opportunities<\/strong> : As a sponsor, you will have access to exclusive networking opportunities with key decision-makers, business leaders and industry experts, encouraging the development of fruitful partnerships and business relationships.<\/p><p><strong>Competitive differentiation<\/strong> : Sponsorship allows you to stand out from your competitors by highlighting your commitment to infrastructure development in Africa and underlining your support for the event.<\/p><p><strong>Lead generation<\/strong> : As a sponsor, you have the opportunity to meet qualified prospects, generate leads and develop your potential customer base.<\/p><p>In short, sponsorship of the Africa Infrastructure Forum offers increased visibility, privileged positioning, networking opportunities, competitive differentiation and lead generation, making it an advantageous strategy for companies in Africa's infrastructure sector.<\/p>\t\t\t\t\t\t\t\t<\/div>\n\t\t\t\t<\/div>\n\t\t\t\t\t<\/div>\n\t\t<\/div>\n\t\t\t\t<div class=\"elementor-column elementor-col-50 elementor-top-column elementor-element elementor-element-d09be1d\" data-id=\"d09be1d\" data-element_type=\"column\" data-e-type=\"column\">\n\t\t\t<div class=\"elementor-widget-wrap elementor-element-populated\">\n\t\t\t\t\t\t<div class=\"elementor-element elementor-element-ad251ae elementor-widget elementor-widget-image\" data-id=\"ad251ae\" data-element_type=\"widget\" data-e-type=\"widget\" data-widget_type=\"image.default\">\n\t\t\t\t<div class=\"elementor-widget-container\">\n\t\t\t\t\t\t\t\t\t\t\t\t\t\t\t<img fetchpriority=\"high\" decoding=\"async\" width=\"768\" height=\"1024\" src=\"https:\/\/burkina.africaiforum.com\/wp-content\/uploads\/2023\/03\/72276113_3014921801913586_6072264903849148416_n-768x1024.jpg\" class=\"attachment-large size-large wp-image-1107\" alt=\"\" srcset=\"https:\/\/burkina.africaiforum.com\/wp-content\/uploads\/2023\/03\/72276113_3014921801913586_6072264903849148416_n-768x1024.jpg 768w, https:\/\/burkina.africaiforum.com\/wp-content\/uploads\/2023\/03\/72276113_3014921801913586_6072264903849148416_n-225x300.jpg 225w, https:\/\/burkina.africaiforum.com\/wp-content\/uploads\/2023\/03\/72276113_3014921801913586_6072264903849148416_n-1152x1536.jpg 1152w, https:\/\/burkina.africaiforum.com\/wp-content\/uploads\/2023\/03\/72276113_3014921801913586_6072264903849148416_n.jpg 1536w\" sizes=\"(max-width: 768px) 100vw, 768px\" \/>\t\t\t\t\t\t\t\t\t\t\t\t\t\t\t<\/div>\n\t\t\t\t<\/div>\n\t\t\t\t\t<\/div>\n\t\t<\/div>\n\t\t\t\t\t<\/div>\n\t\t<\/section>\n\t\t\t\t<section data-particle_enable=\"false\" data-particle-mobile-disabled=\"false\" class=\"elementor-section elementor-top-section elementor-element elementor-element-43550772 elementor-section-boxed elementor-section-height-default elementor-section-height-default\" data-id=\"43550772\" data-element_type=\"section\" data-e-type=\"section\">\n\t\t\t\t\t\t<div class=\"elementor-container elementor-column-gap-default\">\n\t\t\t\t\t<div class=\"elementor-column elementor-col-100 elementor-top-column elementor-element elementor-element-5b6edec6\" data-id=\"5b6edec6\" data-element_type=\"column\" data-e-type=\"column\">\n\t\t\t<div class=\"elementor-widget-wrap elementor-element-populated\">\n\t\t\t\t\t\t<section data-particle_enable=\"false\" data-particle-mobile-disabled=\"false\" class=\"elementor-section elementor-inner-section elementor-element elementor-element-10cd5aa4 elementor-section-boxed elementor-section-height-default elementor-section-height-default\" data-id=\"10cd5aa4\" data-element_type=\"section\" data-e-type=\"section\">\n\t\t\t\t\t\t<div class=\"elementor-container elementor-column-gap-default\">\n\t\t\t\t\t<div class=\"elementor-column elementor-col-100 elementor-inner-column elementor-element elementor-element-7f03d429\" data-id=\"7f03d429\" data-element_type=\"column\" data-e-type=\"column\">\n\t\t\t<div class=\"elementor-widget-wrap elementor-element-populated\">\n\t\t\t\t\t\t<div class=\"elementor-element elementor-element-732939e8 elementor-widget elementor-widget-heading\" data-id=\"732939e8\" data-element_type=\"widget\" data-e-type=\"widget\" data-widget_type=\"heading.default\">\n\t\t\t\t<div class=\"elementor-widget-container\">\n\t\t\t\t\t<h2 class=\"elementor-heading-title elementor-size-default\">Register now!<\/h2>\t\t\t\t<\/div>\n\t\t\t\t<\/div>\n\t\t\t\t\t<\/div>\n\t\t<\/div>\n\t\t\t\t\t<\/div>\n\t\t<\/section>\n\t\t\t\t<section data-particle_enable=\"false\" data-particle-mobile-disabled=\"false\" class=\"elementor-section elementor-inner-section elementor-element elementor-element-6356e26 elementor-section-boxed elementor-section-height-default elementor-section-height-default\" data-id=\"6356e26\" data-element_type=\"section\" data-e-type=\"section\">\n\t\t\t\t\t\t<div class=\"elementor-container elementor-column-gap-default\">\n\t\t\t\t\t<div class=\"elementor-column elementor-col-100 elementor-inner-column elementor-element elementor-element-1e6d4625\" data-id=\"1e6d4625\" data-element_type=\"column\" data-e-type=\"column\">\n\t\t\t<div class=\"elementor-widget-wrap elementor-element-populated\">\n\t\t\t\t\t\t<div class=\"elementor-element elementor-element-42448105 elementor-align-center elementor-widget elementor-widget-button\" data-id=\"42448105\" data-element_type=\"widget\" data-e-type=\"widget\" data-widget_type=\"button.default\">\n\t\t\t\t<div class=\"elementor-widget-container\">\n\t\t\t\t\t\t\t\t\t<div class=\"elementor-button-wrapper\">\n\t\t\t\t\t<a class=\"elementor-button elementor-button-link elementor-size-md\" href=\"http:\/\/burkina.africaiforum.com\/en\/download\/1806\/?tmstv=1691012114\">\n\t\t\t\t\t\t<span class=\"elementor-button-content-wrapper\">\n\t\t\t\t\t\t<span class=\"elementor-button-icon\">\n\t\t\t\t<i aria-hidden=\"true\" class=\"far fa-file-pdf\"><\/i>\t\t\t<\/span>\n\t\t\t\t\t\t\t\t\t<span class=\"elementor-button-text\">T\u00e9lecharger la fiche d'inscription<\/span>\n\t\t\t\t\t<\/span>\n\t\t\t\t\t<\/a>\n\t\t\t\t<\/div>\n\t\t\t\t\t\t\t\t<\/div>\n\t\t\t\t<\/div>\n\t\t\t\t\t<\/div>\n\t\t<\/div>\n\t\t\t\t\t<\/div>\n\t\t<\/section>\n\t\t\t\t\t<\/div>\n\t\t<\/div>\n\t\t\t\t\t<\/div>\n\t\t<\/section>\n\t\t\t\t<\/div>","protected":false},"excerpt":{"rendered":"<p>Pourquoi sponsoriser ? Pourquoi Sponsoriser ? La sponsorisation de l&rsquo;Africa Infrastructure Forum offre plusieurs avantages aux entreprises. Cela permet de : Visibilit\u00e9 accrue : En tant que sponsor, votre entreprise b\u00e9n\u00e9ficie d&rsquo;une visibilit\u00e9 accrue avant, pendant et apr\u00e8s l&rsquo;\u00e9v\u00e9nement, augmentant ainsi la notori\u00e9t\u00e9 de votre marque aupr\u00e8s d&rsquo;un public cibl\u00e9. Positionnement privil\u00e9gi\u00e9 : La sponsorisation [&hellip;]<\/p>","protected":false},"author":1,"featured_media":0,"parent":0,"menu_order":0,"comment_status":"closed","ping_status":"closed","template":"","meta":{"footnotes":""},"class_list":["post-717","page","type-page","status-publish","hentry"],"_links":{"self":[{"href":"https:\/\/burkina.africaiforum.com\/en\/wp-json\/wp\/v2\/pages\/717","targetHints":{"allow":["GET"]}}],"collection":[{"href":"https:\/\/burkina.africaiforum.com\/en\/wp-json\/wp\/v2\/pages"}],"about":[{"href":"https:\/\/burkina.africaiforum.com\/en\/wp-json\/wp\/v2\/types\/page"}],"author":[{"embeddable":true,"href":"https:\/\/burkina.africaiforum.com\/en\/wp-json\/wp\/v2\/users\/1"}],"replies":[{"embeddable":true,"href":"https:\/\/burkina.africaiforum.com\/en\/wp-json\/wp\/v2\/comments?post=717"}],"version-history":[{"count":37,"href":"https:\/\/burkina.africaiforum.com\/en\/wp-json\/wp\/v2\/pages\/717\/revisions"}],"predecessor-version":[{"id":1847,"href":"https:\/\/burkina.africaiforum.com\/en\/wp-json\/wp\/v2\/pages\/717\/revisions\/1847"}],"wp:attachment":[{"href":"https:\/\/burkina.africaiforum.com\/en\/wp-json\/wp\/v2\/media?parent=717"}],"curies":[{"name":"wp","href":"https:\/\/api.w.org\/{rel}","templated":true}]}}