{"id":732,"date":"2023-11-01T22:05:49","date_gmt":"2023-11-01T22:05:49","guid":{"rendered":"http:\/\/burkina.africaiforum.com\/?page_id=732"},"modified":"2023-11-02T15:45:09","modified_gmt":"2023-11-02T15:45:09","slug":"accreditations","status":"publish","type":"page","link":"https:\/\/burkina.africaiforum.com\/en\/accreditations\/","title":{"rendered":"Accreditations"},"content":{"rendered":"<div data-elementor-type=\"wp-page\" data-elementor-id=\"732\" class=\"elementor elementor-732\" data-elementor-post-type=\"page\">\n\t\t\t\t\t\t<section data-particle_enable=\"false\" data-particle-mobile-disabled=\"false\" class=\"elementor-section elementor-top-section elementor-element elementor-element-4ecdd3f elementor-section-boxed elementor-section-height-default elementor-section-height-default\" data-id=\"4ecdd3f\" data-element_type=\"section\" data-e-type=\"section\" data-settings=\"{&quot;background_background&quot;:&quot;classic&quot;}\">\n\t\t\t\t\t\t<div class=\"elementor-container elementor-column-gap-default\">\n\t\t\t\t\t<div class=\"elementor-column elementor-col-50 elementor-top-column elementor-element elementor-element-a686104\" data-id=\"a686104\" data-element_type=\"column\" data-e-type=\"column\">\n\t\t\t<div class=\"elementor-widget-wrap elementor-element-populated\">\n\t\t\t\t\t\t<div class=\"elementor-element elementor-element-4862306 elementor-widget elementor-widget-heading\" data-id=\"4862306\" data-element_type=\"widget\" data-e-type=\"widget\" data-widget_type=\"heading.default\">\n\t\t\t\t<div class=\"elementor-widget-container\">\n\t\t\t\t\t<h2 class=\"elementor-heading-title elementor-size-default\">Accreditations<\/h2>\t\t\t\t<\/div>\n\t\t\t\t<\/div>\n\t\t\t\t\t<\/div>\n\t\t<\/div>\n\t\t\t\t<div class=\"elementor-column elementor-col-50 elementor-top-column elementor-element elementor-element-535ec98 elementor-hidden-mobile\" data-id=\"535ec98\" data-element_type=\"column\" data-e-type=\"column\">\n\t\t\t<div class=\"elementor-widget-wrap\">\n\t\t\t\t\t\t\t<\/div>\n\t\t<\/div>\n\t\t\t\t\t<\/div>\n\t\t<\/section>\n\t\t\t\t<section data-particle_enable=\"false\" data-particle-mobile-disabled=\"false\" class=\"elementor-section elementor-top-section elementor-element elementor-element-389a9c5 elementor-section-boxed elementor-section-height-default elementor-section-height-default\" data-id=\"389a9c5\" data-element_type=\"section\" data-e-type=\"section\">\n\t\t\t\t\t\t<div class=\"elementor-container elementor-column-gap-default\">\n\t\t\t\t\t<div class=\"elementor-column elementor-col-100 elementor-top-column elementor-element elementor-element-c72e883\" data-id=\"c72e883\" data-element_type=\"column\" data-e-type=\"column\">\n\t\t\t<div class=\"elementor-widget-wrap elementor-element-populated\">\n\t\t\t\t\t\t<div class=\"elementor-element elementor-element-6ca97eb elementor-widget elementor-widget-heading\" data-id=\"6ca97eb\" data-element_type=\"widget\" data-e-type=\"widget\" data-widget_type=\"heading.default\">\n\t\t\t\t<div class=\"elementor-widget-container\">\n\t\t\t\t\t<h2 class=\"elementor-heading-title elementor-size-default\">APPLICATION FORM FOR PRESS ACCREDITATION<\/h2>\t\t\t\t<\/div>\n\t\t\t\t<\/div>\n\t\t\t\t<div class=\"elementor-element elementor-element-2defc15 elementor-widget elementor-widget-text-editor\" data-id=\"2defc15\" data-element_type=\"widget\" data-e-type=\"widget\" data-widget_type=\"text-editor.default\">\n\t\t\t\t<div class=\"elementor-widget-container\">\n\t\t\t\t\t\t\t\t\t<p class=\"big\" style=\"box-sizing: inherit; -webkit-font-smoothing: antialiased; margin-right: 0px; margin-bottom: 15px; margin-left: 0px; padding: 0px; border: 0px; font-variant-numeric: inherit; font-variant-east-asian: inherit; font-stretch: inherit; line-height: 28px; font-family: Raleway, Helvetica, Arial, sans-serif; vertical-align: baseline; color: #626262;\">Media representatives wishing to cover the exhibition must complete the accreditation form.<br style=\"box-sizing: inherit; -webkit-font-smoothing: antialiased;\" \/>This form must be accompanied by the following documents:<\/p><p>A photocopy of the current press card or professional journalist's identity card or a valid identity document (technicians).<br style=\"box-sizing: inherit; -webkit-font-smoothing: antialiased; color: #626262; font-family: Raleway, Helvetica, Arial, sans-serif; font-size: 15px;\" \/>A colour passport photo.<br style=\"box-sizing: inherit; -webkit-font-smoothing: antialiased; color: #626262; font-family: Raleway, Helvetica, Arial, sans-serif; font-size: 15px;\" \/><br style=\"box-sizing: inherit; -webkit-font-smoothing: antialiased; color: #626262; font-family: Raleway, Helvetica, Arial, sans-serif; font-size: 15px;\" \/><span style=\"box-sizing: inherit; -webkit-font-smoothing: antialiased; margin: 0px; padding: 0px; border: 0px; font-variant-numeric: inherit; font-variant-east-asian: inherit; font-weight: bold; font-stretch: inherit; font-size: 15px; line-height: inherit; font-family: Raleway, Helvetica, Arial, sans-serif; vertical-align: baseline; color: #626262;\">Applications that are not accompanied by these documents cannot be considered.<\/span><br style=\"box-sizing: inherit; -webkit-font-smoothing: antialiased; color: #626262; font-family: Raleway, Helvetica, Arial, sans-serif; font-size: 15px;\" \/>Those who have duly completed the forms will be informed of their accreditation. Badges can be collected from the press accreditation desk on presentation of an identity document.<\/p>\t\t\t\t\t\t\t\t<\/div>\n\t\t\t\t<\/div>\n\t\t\t\t\t<\/div>\n\t\t<\/div>\n\t\t\t\t\t<\/div>\n\t\t<\/section>\n\t\t\t\t<\/div>","protected":false},"excerpt":{"rendered":"<p>Accr\u00e9ditations FORMULAIRE DE DEMANDE D&rsquo;ACCR\u00c9DITATION PRESSE Les repr\u00e9sentants des m\u00e9dias souhaitant couvrir le salon doivent compl\u00e9ter la fiche d\u2019accr\u00e9ditation.Ce formulaire doit \u00eatre accompagn\u00e9 des pi\u00e8ces suivantes : Une photocopie de la carte de presse ou de la carte d\u2019identit\u00e9 de journaliste professionnel en vigueur ou d\u2019une pi\u00e8ce d\u2019identit\u00e9 en cours de validit\u00e9 (techniciens).Une photo d\u2019identit\u00e9 [&hellip;]<\/p>","protected":false},"author":1,"featured_media":0,"parent":0,"menu_order":0,"comment_status":"closed","ping_status":"closed","template":"","meta":{"footnotes":""},"class_list":["post-732","page","type-page","status-publish","hentry"],"_links":{"self":[{"href":"https:\/\/burkina.africaiforum.com\/en\/wp-json\/wp\/v2\/pages\/732","targetHints":{"allow":["GET"]}}],"collection":[{"href":"https:\/\/burkina.africaiforum.com\/en\/wp-json\/wp\/v2\/pages"}],"about":[{"href":"https:\/\/burkina.africaiforum.com\/en\/wp-json\/wp\/v2\/types\/page"}],"author":[{"embeddable":true,"href":"https:\/\/burkina.africaiforum.com\/en\/wp-json\/wp\/v2\/users\/1"}],"replies":[{"embeddable":true,"href":"https:\/\/burkina.africaiforum.com\/en\/wp-json\/wp\/v2\/comments?post=732"}],"version-history":[{"count":34,"href":"https:\/\/burkina.africaiforum.com\/en\/wp-json\/wp\/v2\/pages\/732\/revisions"}],"predecessor-version":[{"id":1915,"href":"https:\/\/burkina.africaiforum.com\/en\/wp-json\/wp\/v2\/pages\/732\/revisions\/1915"}],"wp:attachment":[{"href":"https:\/\/burkina.africaiforum.com\/en\/wp-json\/wp\/v2\/media?parent=732"}],"curies":[{"name":"wp","href":"https:\/\/api.w.org\/{rel}","templated":true}]}}