{"id":747,"date":"2023-11-01T22:09:39","date_gmt":"2023-11-01T22:09:39","guid":{"rendered":"http:\/\/burkina.africaiforum.com\/?page_id=747"},"modified":"2023-11-02T15:47:26","modified_gmt":"2023-11-02T15:47:26","slug":"participants-internationaux","status":"publish","type":"page","link":"https:\/\/burkina.africaiforum.com\/en\/participants-internationaux\/","title":{"rendered":"International participants"},"content":{"rendered":"<div data-elementor-type=\"wp-page\" data-elementor-id=\"747\" class=\"elementor elementor-747\" data-elementor-post-type=\"page\">\n\t\t\t\t\t\t<section data-particle_enable=\"false\" data-particle-mobile-disabled=\"false\" class=\"elementor-section elementor-top-section elementor-element elementor-element-4ecdd3f elementor-section-boxed elementor-section-height-default elementor-section-height-default\" data-id=\"4ecdd3f\" data-element_type=\"section\" data-e-type=\"section\" data-settings=\"{&quot;background_background&quot;:&quot;classic&quot;}\">\n\t\t\t\t\t\t<div class=\"elementor-container elementor-column-gap-default\">\n\t\t\t\t\t<div class=\"elementor-column elementor-col-50 elementor-top-column elementor-element elementor-element-a686104\" data-id=\"a686104\" data-element_type=\"column\" data-e-type=\"column\">\n\t\t\t<div class=\"elementor-widget-wrap elementor-element-populated\">\n\t\t\t\t\t\t<div class=\"elementor-element elementor-element-4862306 elementor-widget elementor-widget-heading\" data-id=\"4862306\" data-element_type=\"widget\" data-e-type=\"widget\" data-widget_type=\"heading.default\">\n\t\t\t\t<div class=\"elementor-widget-container\">\n\t\t\t\t\t<h2 class=\"elementor-heading-title elementor-size-default\">International participants<\/h2>\t\t\t\t<\/div>\n\t\t\t\t<\/div>\n\t\t\t\t\t<\/div>\n\t\t<\/div>\n\t\t\t\t<div class=\"elementor-column elementor-col-50 elementor-top-column elementor-element elementor-element-535ec98 elementor-hidden-mobile\" data-id=\"535ec98\" data-element_type=\"column\" data-e-type=\"column\">\n\t\t\t<div class=\"elementor-widget-wrap\">\n\t\t\t\t\t\t\t<\/div>\n\t\t<\/div>\n\t\t\t\t\t<\/div>\n\t\t<\/section>\n\t\t\t\t<section data-particle_enable=\"false\" data-particle-mobile-disabled=\"false\" class=\"elementor-section elementor-top-section elementor-element elementor-element-004bcaf elementor-section-boxed elementor-section-height-default elementor-section-height-default\" data-id=\"004bcaf\" data-element_type=\"section\" data-e-type=\"section\">\n\t\t\t\t\t\t<div class=\"elementor-container elementor-column-gap-default\">\n\t\t\t\t\t<div class=\"elementor-column elementor-col-50 elementor-top-column elementor-element elementor-element-8d753c4\" data-id=\"8d753c4\" data-element_type=\"column\" data-e-type=\"column\">\n\t\t\t<div class=\"elementor-widget-wrap elementor-element-populated\">\n\t\t\t\t\t\t<div class=\"elementor-element elementor-element-2eabe57 elementor-widget elementor-widget-heading\" data-id=\"2eabe57\" data-element_type=\"widget\" data-e-type=\"widget\" data-widget_type=\"heading.default\">\n\t\t\t\t<div class=\"elementor-widget-container\">\n\t\t\t\t\t<h2 class=\"elementor-heading-title elementor-size-default\">International participants<\/h2>\t\t\t\t<\/div>\n\t\t\t\t<\/div>\n\t\t\t\t<div class=\"elementor-element elementor-element-45b7e88 elementor-widget elementor-widget-text-editor\" data-id=\"45b7e88\" data-element_type=\"widget\" data-e-type=\"widget\" data-widget_type=\"text-editor.default\">\n\t\t\t\t<div class=\"elementor-widget-container\">\n\t\t\t\t\t\t\t\t\t<p><strong>The Africa Infrastructure Forum<\/strong> attracts international participants from Africa, Canada, the United States of America, Australia, Europe and Asia. These participants represent companies, organisations, governments and institutions involved in the infrastructure sector. The presence of international participants enables cross-cultural exchanges, the creation of cross-border partnerships and the exploration of investment and collaboration opportunities on a global scale. This contributes to strengthening the scope and impact of the event in the context of infrastructure in Africa.\n\nTranslated with www.DeepL.com\/Translator (free version)<\/p><p><strong>The Africa Infrastructure Forum <\/strong>is therefore an excellent opportunity for international participants to strengthen their presence in Africa and forge business relationships with local partners.<\/p>\t\t\t\t\t\t\t\t<\/div>\n\t\t\t\t<\/div>\n\t\t\t\t\t<\/div>\n\t\t<\/div>\n\t\t\t\t<div class=\"elementor-column elementor-col-50 elementor-top-column elementor-element elementor-element-919dc37\" data-id=\"919dc37\" data-element_type=\"column\" data-e-type=\"column\">\n\t\t\t<div class=\"elementor-widget-wrap elementor-element-populated\">\n\t\t\t\t\t\t<div class=\"elementor-element elementor-element-1e6f4f8 elementor-widget elementor-widget-image\" data-id=\"1e6f4f8\" data-element_type=\"widget\" data-e-type=\"widget\" data-widget_type=\"image.default\">\n\t\t\t\t<div class=\"elementor-widget-container\">\n\t\t\t\t\t\t\t\t\t\t\t\t\t\t\t<img fetchpriority=\"high\" decoding=\"async\" width=\"800\" height=\"600\" src=\"https:\/\/burkina.africaiforum.com\/wp-content\/uploads\/2023\/03\/51222130_2446404492098656_785246336696975360_n.jpg\" class=\"attachment-large size-large wp-image-1119\" alt=\"\" srcset=\"https:\/\/burkina.africaiforum.com\/wp-content\/uploads\/2023\/03\/51222130_2446404492098656_785246336696975360_n.jpg 960w, https:\/\/burkina.africaiforum.com\/wp-content\/uploads\/2023\/03\/51222130_2446404492098656_785246336696975360_n-300x225.jpg 300w, https:\/\/burkina.africaiforum.com\/wp-content\/uploads\/2023\/03\/51222130_2446404492098656_785246336696975360_n-768x576.jpg 768w\" sizes=\"(max-width: 800px) 100vw, 800px\" \/>\t\t\t\t\t\t\t\t\t\t\t\t\t\t\t<\/div>\n\t\t\t\t<\/div>\n\t\t\t\t\t<\/div>\n\t\t<\/div>\n\t\t\t\t\t<\/div>\n\t\t<\/section>\n\t\t\t\t<section data-particle_enable=\"false\" data-particle-mobile-disabled=\"false\" class=\"elementor-section elementor-top-section elementor-element elementor-element-3188cdc elementor-section-boxed elementor-section-height-default elementor-section-height-default\" data-id=\"3188cdc\" data-element_type=\"section\" data-e-type=\"section\">\n\t\t\t\t\t\t<div class=\"elementor-container elementor-column-gap-default\">\n\t\t\t\t\t<div class=\"elementor-column elementor-col-50 elementor-top-column elementor-element elementor-element-a038af1\" data-id=\"a038af1\" data-element_type=\"column\" data-e-type=\"column\">\n\t\t\t<div class=\"elementor-widget-wrap elementor-element-populated\">\n\t\t\t\t\t\t<div class=\"elementor-element elementor-element-a91dc47 elementor-widget elementor-widget-heading\" data-id=\"a91dc47\" data-element_type=\"widget\" data-e-type=\"widget\" data-widget_type=\"heading.default\">\n\t\t\t\t<div class=\"elementor-widget-container\">\n\t\t\t\t\t<h2 class=\"elementor-heading-title elementor-size-default\">VISA FOR BURKINA FASO\n\n<\/h2>\t\t\t\t<\/div>\n\t\t\t\t<\/div>\n\t\t\t\t<div class=\"elementor-element elementor-element-0bfdec0 elementor-widget elementor-widget-text-editor\" data-id=\"0bfdec0\" data-element_type=\"widget\" data-e-type=\"widget\" data-widget_type=\"text-editor.default\">\n\t\t\t\t<div class=\"elementor-widget-container\">\n\t\t\t\t\t\t\t\t\t<p>Firstly, you should know that since February 2023 you can no longer obtain a visa for Burkina Faso using your passport: from now on, you can only obtain an e-Visa.<\/p><p>It can be ordered online here, and the formalities have been simplified. Once your file is complete, we will apply for an e-Visa from the Burkina Faso authorities and send it to you by e-mail. Before this, our visa agency will have checked your e-Visa application in detail to ensure that you will not be refused.<\/p><p><a href=\"https:\/\/www.action-visas.com\/visa\/Burkina-Faso\">More information<\/a><\/p>\t\t\t\t\t\t\t\t<\/div>\n\t\t\t\t<\/div>\n\t\t\t\t\t<\/div>\n\t\t<\/div>\n\t\t\t\t<div class=\"elementor-column elementor-col-50 elementor-top-column elementor-element elementor-element-e7baa88\" data-id=\"e7baa88\" data-element_type=\"column\" data-e-type=\"column\">\n\t\t\t<div class=\"elementor-widget-wrap elementor-element-populated\">\n\t\t\t\t\t\t<div class=\"elementor-element elementor-element-a967908 elementor-widget elementor-widget-image\" data-id=\"a967908\" data-element_type=\"widget\" data-e-type=\"widget\" data-widget_type=\"image.default\">\n\t\t\t\t<div class=\"elementor-widget-container\">\n\t\t\t\t\t\t\t\t\t\t\t\t\t\t\t<img decoding=\"async\" width=\"800\" height=\"600\" src=\"https:\/\/burkina.africaiforum.com\/wp-content\/uploads\/2023\/01\/undefined_1482504920_7-min-1024x768.jpg\" class=\"attachment-large size-large wp-image-956\" alt=\"\" srcset=\"https:\/\/burkina.africaiforum.com\/wp-content\/uploads\/2023\/01\/undefined_1482504920_7-min-1024x768.jpg 1024w, https:\/\/burkina.africaiforum.com\/wp-content\/uploads\/2023\/01\/undefined_1482504920_7-min-300x225.jpg 300w, https:\/\/burkina.africaiforum.com\/wp-content\/uploads\/2023\/01\/undefined_1482504920_7-min-768x576.jpg 768w, https:\/\/burkina.africaiforum.com\/wp-content\/uploads\/2023\/01\/undefined_1482504920_7-min.jpg 1200w\" sizes=\"(max-width: 800px) 100vw, 800px\" \/>\t\t\t\t\t\t\t\t\t\t\t\t\t\t\t<\/div>\n\t\t\t\t<\/div>\n\t\t\t\t\t<\/div>\n\t\t<\/div>\n\t\t\t\t\t<\/div>\n\t\t<\/section>\n\t\t\t\t<\/div>","protected":false},"excerpt":{"rendered":"<p>Participants internationaux Participants internationaux L&rsquo;Africa Infrastructure Forum attire des participants internationaux issus de divers pays tels que l&rsquo;Afrique, le Canada, les \u00c9tats-Unis d&rsquo;Am\u00e9rique, l&rsquo;Australie, l&rsquo;Europe et l&rsquo;Asie. Ces participants repr\u00e9sentent des entreprises, des organisations, des gouvernements et des institutions impliqu\u00e9s dans le secteur des infrastructures. La pr\u00e9sence de participants internationaux permet des \u00e9changes interculturels, la [&hellip;]<\/p>","protected":false},"author":1,"featured_media":0,"parent":0,"menu_order":0,"comment_status":"closed","ping_status":"closed","template":"","meta":{"footnotes":""},"class_list":["post-747","page","type-page","status-publish","hentry"],"_links":{"self":[{"href":"https:\/\/burkina.africaiforum.com\/en\/wp-json\/wp\/v2\/pages\/747","targetHints":{"allow":["GET"]}}],"collection":[{"href":"https:\/\/burkina.africaiforum.com\/en\/wp-json\/wp\/v2\/pages"}],"about":[{"href":"https:\/\/burkina.africaiforum.com\/en\/wp-json\/wp\/v2\/types\/page"}],"author":[{"embeddable":true,"href":"https:\/\/burkina.africaiforum.com\/en\/wp-json\/wp\/v2\/users\/1"}],"replies":[{"embeddable":true,"href":"https:\/\/burkina.africaiforum.com\/en\/wp-json\/wp\/v2\/comments?post=747"}],"version-history":[{"count":34,"href":"https:\/\/burkina.africaiforum.com\/en\/wp-json\/wp\/v2\/pages\/747\/revisions"}],"predecessor-version":[{"id":1922,"href":"https:\/\/burkina.africaiforum.com\/en\/wp-json\/wp\/v2\/pages\/747\/revisions\/1922"}],"wp:attachment":[{"href":"https:\/\/burkina.africaiforum.com\/en\/wp-json\/wp\/v2\/media?parent=747"}],"curies":[{"name":"wp","href":"https:\/\/api.w.org\/{rel}","templated":true}]}}